{"id":86,"date":"2016-04-18T15:25:28","date_gmt":"2016-04-18T15:25:28","guid":{"rendered":"http:\/\/realtyspace.codefactory47.com\/?page_id=86"},"modified":"2020-09-11T14:47:23","modified_gmt":"2020-09-11T19:47:23","slug":"contactenos","status":"publish","type":"page","link":"https:\/\/aboconta.com\/index.php\/contactenos\/","title":{"rendered":"Cont\u00e1ctenos"},"content":{"rendered":"<p>[vc_row][vc_column][vc_column_text]<!--\n\n\n<h4>Contact Us to Sign Up for an Open House<\/h4>\n\n\nFounded in August of 2008 and based in San Francisco, California, RealtySpace is a trusted community marketplace for people to list, discover, and book unique accommodations around the world \u2014 online or from a mobile phone.\n\nWhether an apartment for a night, a castle for a week, or a villa for a month, RealtySpace connects people to unique travel experiences, at any price point, in more than 190 countries. And with world-class customer service, RealtySpace is the easiest way for people to monetize their extra sp-->[\/vc_column_text][\/vc_column][\/vc_row][vc_row][vc_column width=&#8221;1\/2&#8243;][vc_wp_text title=&#8221;Informaci\u00f3n&#8221;]<\/p>\n<p><i class=\"glyphicon glyphicon-map-marker\" style=\"color: #fe0000; padding-right: 5px;\"><\/i> San Diego Calle 36 # 10-75<br \/>\n<span style=\"padding-left: 22px;\">Centro Comercial Invercr\u00e9dito Piso 3<\/span><br \/>\n<span style=\"padding-left: 22px;\">Cartagena de Indias &#8211; Colombia<\/span><br \/>\n<i class=\"glyphicon glyphicon-earphone\" style=\"color: #fe0000; padding-right: 5px;\"><\/i> +57 (5) 6643734, 6646149, 6645454<br \/>\n<i class=\"glyphicon glyphicon-phone\" style=\"color: #fe0000; padding-right: 5px;\"><\/i> +57 3007332099<br \/>\n<i class=\"glyphicon glyphicon-time\" style=\"color: #fe0000; padding-right: 5px;\"><\/i> L\u00fanes a Viernes de 8:00 am a 5:00 pm<br \/>\n<span style=\"padding-left: 22px;\">S\u00e1bado de 8:00 am a 12:00 m<\/span><\/p>\n<p>[\/vc_wp_text][\/vc_column][vc_column width=&#8221;1\/2&#8243;][vc_wp_text title=&#8221;Correos Corporativos&#8221;]<i class=\"glyphicon glyphicon-envelope\" style=\"color: #fe0000; padding-right: 5px;\"><\/i> <a href=\"mailto:contactenos@aboconta.com\">contactenos@aboconta.com<\/a><br \/>\n<i class=\"glyphicon glyphicon-envelope\" style=\"color: #fe0000; padding-right: 5px;\"><\/i> <a href=\"mailto:juridica@aboconta.com\">juridica@aboconta.com<\/a><br \/>\n<i class=\"glyphicon glyphicon-envelope\" style=\"color: #fe0000; padding-right: 5px;\"><\/i> <a href=\"mailto:contabilidad@aboconta.com\">contabilidad@aboconta.com<\/a><br \/>\n<i class=\"glyphicon glyphicon-envelope\" style=\"color: #fe0000; padding-right: 5px;\"><\/i> <a href=\"mailto:arriendos@aboconta.com\">arriendos@aboconta.com<\/a><br \/>\n<i class=\"glyphicon glyphicon-envelope\" style=\"color: #fe0000; padding-right: 5px;\"><\/i> <a href=\"mailto:ventas@aboconta.com\">ventas@aboconta.com<\/a><br \/>\n<i class=\"glyphicon glyphicon-envelope\" style=\"color: #fe0000; padding-right: 5px;\"><\/i> <a href=\"mailto:seguros@aboconta.com\">seguros@aboconta.com<\/a>[\/vc_wp_text][\/vc_column][\/vc_row][vc_row][vc_column width=&#8221;1\/2&#8243;][vc_gmaps link=&#8221;#E-8_JTNDaWZyYW1lJTIwc3JjJTNEJTIyaHR0cHMlM0ElMkYlMkZ3d3cuZ29vZ2xlLmNvbSUyRm1hcHMlMkZlbWJlZCUzRnBiJTNEJTIxMW0xOCUyMTFtMTIlMjExbTMlMjExZDM5MjMuOTM5NDUzMzcyODI0NiUyMTJkLTc1LjU0NzU4NDM4NTIwMjI2JTIxM2QxMC40MjYzNzk0OTI1NTk2OTclMjEybTMlMjExZjAlMjEyZjAlMjEzZjAlMjEzbTIlMjExaTEwMjQlMjEyaTc2OCUyMTRmMTMuMSUyMTNtMyUyMTFtMiUyMTFzMHgwJTI1M0EweGIwODM5NTYzZTliZjU0NWQlMjEyc0FCT0NPTlRBJTIxNWUwJTIxM20yJTIxMXNlcy00MTklMjEyc2NvJTIxNHYxNTc4NjAwODY1MDMyJTIxNW0yJTIxMXNlcy00MTklMjEyc2NvJTIyJTIwd2lkdGglM0QlMjI2MDAlMjIlMjBoZWlnaHQlM0QlMjI0NTAlMjIlMjBmcmFtZWJvcmRlciUzRCUyMjAlMjIlMjBzdHlsZSUzRCUyMmJvcmRlciUzQTAlM0IlMjIlMjBhbGxvd2Z1bGxzY3JlZW4lM0QlMjIlMjIlM0UlM0MlMkZpZnJhbWUlM0U=&#8221;][\/vc_column][vc_column width=&#8221;1\/2&#8243;]\n<div class=\"wpcf7 no-js\" id=\"wpcf7-f2612-o1\" lang=\"es-CO\" dir=\"ltr\" data-wpcf7-id=\"2612\">\n<div class=\"screen-reader-response\"><p role=\"status\" aria-live=\"polite\" aria-atomic=\"true\"><\/p> <ul><\/ul><\/div>\n<form action=\"\/index.php\/wp-json\/wp\/v2\/pages\/86#wpcf7-f2612-o1\" method=\"post\" class=\"wpcf7-form init\" aria-label=\"Formulario de contacto\" novalidate=\"novalidate\" data-status=\"init\">\n<fieldset class=\"hidden-fields-container\"><input type=\"hidden\" name=\"_wpcf7\" value=\"2612\" \/><input type=\"hidden\" name=\"_wpcf7_version\" value=\"6.1.5\" \/><input type=\"hidden\" name=\"_wpcf7_locale\" value=\"es_CO\" \/><input type=\"hidden\" name=\"_wpcf7_unit_tag\" value=\"wpcf7-f2612-o1\" \/><input type=\"hidden\" name=\"_wpcf7_container_post\" value=\"0\" \/><input type=\"hidden\" name=\"_wpcf7_posted_data_hash\" value=\"\" \/><input type=\"hidden\" name=\"_wpcf7_recaptcha_response\" value=\"\" \/>\n<\/fieldset>\n<p><label> Nombre (obligatorio)<br \/>\n<span class=\"wpcf7-form-control-wrap\" data-name=\"nombre\"><input size=\"40\" maxlength=\"400\" class=\"wpcf7-form-control wpcf7-text wpcf7-validates-as-required\" aria-required=\"true\" aria-invalid=\"false\" value=\"\" type=\"text\" name=\"nombre\" \/><\/span> <\/label>\n<\/p>\n<p><label> Correo electr\u00f3nico (obligatorio)<br \/>\n<span class=\"wpcf7-form-control-wrap\" data-name=\"correo\"><input size=\"40\" maxlength=\"400\" class=\"wpcf7-form-control wpcf7-email wpcf7-validates-as-required wpcf7-text wpcf7-validates-as-email\" aria-required=\"true\" aria-invalid=\"false\" value=\"\" type=\"email\" name=\"correo\" \/><\/span> <\/label>\n<\/p>\n<p><label> Celular (obligatorio)<br \/>\n<span class=\"wpcf7-form-control-wrap\" data-name=\"celular\"><input size=\"40\" maxlength=\"400\" class=\"wpcf7-form-control wpcf7-tel wpcf7-validates-as-required wpcf7-text wpcf7-validates-as-tel\" aria-required=\"true\" aria-invalid=\"false\" value=\"\" type=\"tel\" name=\"celular\" \/><\/span> <\/label>\n<\/p>\n<p><label> Asunto (obligatorio)<br \/>\n<span class=\"wpcf7-form-control-wrap\" data-name=\"asunto\"><input size=\"40\" maxlength=\"400\" class=\"wpcf7-form-control wpcf7-text wpcf7-validates-as-required\" aria-required=\"true\" aria-invalid=\"false\" value=\"\" type=\"text\" name=\"asunto\" \/><\/span> <\/label>\n<\/p>\n<p><label> Mensaje (obligatorio)<br \/>\n<span class=\"wpcf7-form-control-wrap\" data-name=\"mensaje\"><textarea cols=\"40\" rows=\"10\" maxlength=\"2000\" class=\"wpcf7-form-control wpcf7-textarea wpcf7-validates-as-required\" aria-required=\"true\" aria-invalid=\"false\" name=\"mensaje\"><\/textarea><\/span> <\/label>\n<\/p>\n<p><span class=\"wpcf7-form-control-wrap\" data-name=\"check-aceptar\"><span class=\"wpcf7-form-control wpcf7-acceptance\"><span class=\"wpcf7-list-item\"><label><input type=\"checkbox\" name=\"check-aceptar\" value=\"1\" aria-invalid=\"false\" \/><span class=\"wpcf7-list-item-label\">Acepto que mis datos enviados se recopilen y almacenen.<\/span><\/label><\/span><\/span><\/span>\n<\/p>\n<p><input class=\"wpcf7-form-control wpcf7-submit has-spinner\" type=\"submit\" value=\"Enviar\" \/>\n<\/p><div class=\"wpcf7-response-output\" aria-hidden=\"true\"><\/div>\n<\/form>\n<\/div>\n[\/vc_column][\/vc_row]<\/p>\n","protected":false},"excerpt":{"rendered":"<p>[vc_row][vc_column][vc_column_text][\/vc_column_text][\/vc_column][\/vc_row][vc_row][vc_column width=&#8221;1\/2&#8243;][vc_wp_text title=&#8221;Informaci\u00f3n&#8221;] San Diego Calle 36 # 10-75 Centro Comercial Invercr\u00e9dito Piso 3 Cartagena de Indias &#8211; Colombia +57 (5) 6643734, 6646149, 6645454 +57 3007332099 L\u00fanes a Viernes de 8:00 am a 5:00 pm S\u00e1bado de 8:00 am a 12:00 m [\/vc_wp_text][\/vc_column][vc_column width=&#8221;1\/2&#8243;][vc_wp_text title=&#8221;Correos Corporativos&#8221;] contactenos@aboconta.com juridica@aboconta.com contabilidad@aboconta.com arriendos@aboconta.com ventas@aboconta.com seguros@aboconta.com[\/vc_wp_text][\/vc_column][\/vc_row][vc_row][vc_column width=&#8221;1\/2&#8243;][vc_gmaps link=&#8221;#E-8_JTNDaWZyYW1lJTIwc3JjJTNEJTIyaHR0cHMlM0ElMkYlMkZ3d3cuZ29vZ2xlLmNvbSUyRm1hcHMlMkZlbWJlZCUzRnBiJTNEJTIxMW0xOCUyMTFtMTIlMjExbTMlMjExZDM5MjMuOTM5NDUzMzcyODI0NiUyMTJkLTc1LjU0NzU4NDM4NTIwMjI2JTIxM2QxMC40MjYzNzk0OTI1NTk2OTclMjEybTMlMjExZjAlMjEyZjAlMjEzZjAlMjEzbTIlMjExaTEwMjQlMjEyaTc2OCUyMTRmMTMuMSUyMTNtMyUyMTFtMiUyMTFzMHgwJTI1M0EweGIwODM5NTYzZTliZjU0NWQlMjEyc0FCT0NPTlRBJTIxNWUwJTIxM20yJTIxMXNlcy00MTklMjEyc2NvJTIxNHYxNTc4NjAwODY1MDMyJTIxNW0yJTIxMXNlcy00MTklMjEyc2NvJTIyJTIwd2lkdGglM0QlMjI2MDAlMjIlMjBoZWlnaHQlM0QlMjI0NTAlMjIlMjBmcmFtZWJvcmRlciUzRCUyMjAlMjIlMjBzdHlsZSUzRCUyMmJvcmRlciUzQTAlM0IlMjIlMjBhbGxvd2Z1bGxzY3JlZW4lM0QlMjIlMjIlM0UlM0MlMkZpZnJhbWUlM0U=&#8221;][\/vc_column][vc_column width=&#8221;1\/2&#8243;][\/vc_column][\/vc_row]<\/p>\n","protected":false},"author":1,"featured_media":1648,"parent":0,"menu_order":0,"comment_status":"closed","ping_status":"closed","template":"","meta":{"_joinchat":[],"footnotes":""},"class_list":["post-86","page","type-page","status-publish","has-post-thumbnail","hentry"],"_links":{"self":[{"href":"https:\/\/aboconta.com\/index.php\/wp-json\/wp\/v2\/pages\/86","targetHints":{"allow":["GET"]}}],"collection":[{"href":"https:\/\/aboconta.com\/index.php\/wp-json\/wp\/v2\/pages"}],"about":[{"href":"https:\/\/aboconta.com\/index.php\/wp-json\/wp\/v2\/types\/page"}],"author":[{"embeddable":true,"href":"https:\/\/aboconta.com\/index.php\/wp-json\/wp\/v2\/users\/1"}],"replies":[{"embeddable":true,"href":"https:\/\/aboconta.com\/index.php\/wp-json\/wp\/v2\/comments?post=86"}],"version-history":[{"count":24,"href":"https:\/\/aboconta.com\/index.php\/wp-json\/wp\/v2\/pages\/86\/revisions"}],"predecessor-version":[{"id":2743,"href":"https:\/\/aboconta.com\/index.php\/wp-json\/wp\/v2\/pages\/86\/revisions\/2743"}],"wp:featuredmedia":[{"embeddable":true,"href":"https:\/\/aboconta.com\/index.php\/wp-json\/wp\/v2\/media\/1648"}],"wp:attachment":[{"href":"https:\/\/aboconta.com\/index.php\/wp-json\/wp\/v2\/media?parent=86"}],"curies":[{"name":"wp","href":"https:\/\/api.w.org\/{rel}","templated":true}]}}