{"id":574,"date":"2016-07-01T09:48:47","date_gmt":"2016-07-01T09:48:47","guid":{"rendered":"http:\/\/realtyspace.codefactory47.com\/?page_id=524"},"modified":"2023-03-13T09:55:20","modified_gmt":"2023-03-13T14:55:20","slug":"inicio","status":"publish","type":"page","link":"https:\/\/aboconta.com\/","title":{"rendered":"Inicio"},"content":{"rendered":"<p>[vc_row full_width=&#8221;stretch_row_content_no_spaces&#8221; full_height=&#8221;yes&#8221;][vc_column][vc_single_image image=&#8221;1930&#8243; img_size=&#8221;full&#8221; alignment=&#8221;center&#8221;][\/vc_column][\/vc_row][vc_row full_width=&#8221;stretch_row_content_no_spaces&#8221; css=&#8221;.vc_custom_1678447003413{padding-top: 0px !important;background-color: #ffffff !important;}&#8221; el_id=&#8221;quienes-somos&#8221;][vc_column css=&#8221;.vc_custom_1467988153317{padding-top: 0px !important;}&#8221;][vc_empty_space height=&#8221;100px&#8221;][cf47rs_section_features title=&#8221;Qui\u00e9nes Somos&#8221; subtitle=&#8221;Somos una empresa que naci\u00f3 en la ciudad de Cartagena de Indias, el 12 de enero de 1.995, y se constituy\u00f3 con el objeto social de atender diferentes asuntos legales, contables, tributarios e inmobiliarios, trabajando siempre con una filosof\u00eda de honestidad y servicio a la comunidad.&#8221; side_image=&#8221;6385&#8243;][cf47rs_section_features_item label=&#8221;Misi\u00f3n&#8221; add_icon=&#8221;true&#8221; icon_fontawesome=&#8221;fa fa-flag-checkered&#8221;]Asesorar y acompa\u00f1ar integralmente en el \u00e1mbito Jur\u00eddico, Contable, Inmobiliario y de Seguros, a las personas naturales y jur\u00eddicas, contribuyendo en la toma de decisiones acertadas y en la satisfacci\u00f3n de sus necesidades, por medio de un equipo de profesionales \u00e9ticos y competentes; asegurando el crecimiento y desarrollo de nuestros clientes y el de nuestra empresa.[\/cf47rs_section_features_item][cf47rs_section_features_item label=&#8221;Visi\u00f3n&#8221; add_icon=&#8221;true&#8221; icon_fontawesome=&#8221;fa fa-eye&#8221;]Ser la empresa l\u00edder en el mercado de servicios de asesor\u00eda y acompa\u00f1amiento en el \u00e1mbito jur\u00eddico, Contable, inmobiliario y de Seguros; posicionada y reconocida por su excelente equipo de profesionales as\u00ed como por la calidad y eficacia de sus servicios.[\/cf47rs_section_features_item][\/cf47rs_section_features][vc_row_inner][vc_column_inner width=&#8221;1\/2&#8243;][\/vc_column_inner][vc_column_inner width=&#8221;1\/2&#8243;][vc_btn title=&#8221;Conoce M\u00e1s&#8230;&#8221; style=&#8221;3d&#8221; shape=&#8221;square&#8221; color=&#8221;juicy-pink&#8221; align=&#8221;center&#8221; link=&#8221;url:%2Findex.php%2Fquienes-somos%2F|title:Qui%C3%A9nes%20Somos||&#8221; css=&#8221;.vc_custom_1595908010816{padding-right: 200px !important;}&#8221;][vc_empty_space][\/vc_column_inner][\/vc_row_inner][\/vc_column][\/vc_row][vc_row full_width=&#8221;stretch_row_content_no_spaces&#8221; disable_element=&#8221;yes&#8221; css=&#8221;.vc_custom_1582218239824{background-image: url(http:\/\/192.168.20.69:9797\/wp-content\/uploads\/2019\/10\/cartagena-av-el-retorno2.jpg?id=868) !important;background-position: center !important;background-repeat: no-repeat !important;background-size: cover !important;}&#8221; el_class=&#8221;banner&#8211;overlay&#8221;][vc_column css=&#8221;.vc_custom_1571869005098{padding-top: 0px !important;background-color: rgba(1,24,128,0.25) !important;*background-color: rgb(1,24,128) !important;}&#8221;][cf47rs_section_hero title=&#8221;Encuentra la propiedad de tus suenos&#8230;&#8221; subtitle=&#8221;Arrienda, vende o Invierte en finca ra\u00edz. Aqu\u00ed te asesoramos!&#8221; action_text=&#8221;B\u00fascala Aqu\u00ed&#8221; map_enabled=&#8221;true&#8221; scroll_text=&#8221;Despl\u00e1cese hacia abajo&#8221;][cf47rs_search_field field_name=&#8221;contract_type&#8221;][cf47rs_search_field field_name=&#8221;location&#8221;][cf47rs_search_field field_name=&#8221;property_type&#8221;][cf47rs_search_field field_name=&#8221;area&#8221;][cf47rs_search_field field_name=&#8221;price&#8221;][cf47rs_search_field field_name=&#8221;bedroom&#8221;][\/cf47rs_section_hero][\/vc_column][\/vc_row][vc_row full_width=&#8221;stretch_row_content_no_spaces&#8221; css=&#8221;.vc_custom_1577745462209{background-color: #ffffff !important;}&#8221; el_id=&#8221;servicios&#8221;][vc_column][cf47rs_section_features title=&#8221;Servicios&#8221; side_image=&#8221;138&#8243;][cf47rs_section_features_item label=&#8221;JUR\u00cdDICOS&#8221; add_icon=&#8221;true&#8221; icon_fontawesome=&#8221;fa fa-gavel&#8221;]Somos su m\u00e1s completa alternativa de Asesor\u00edas en Derecho Empresarial, Comercial y Societario.<\/p>\n<p style=\"text-align: left;\"><a href=\"\/index.php\/servicios-juridicos\/\">Leer m\u00e1s&#8230;<\/a><\/p>\n<p>[\/cf47rs_section_features_item][cf47rs_section_features_item label=&#8221;CONTABLES&#8221; add_icon=&#8221;true&#8221; icon_fontawesome=&#8221;fa fa-line-chart&#8221;]La estabilidad de su empresa depende de la toma de decisiones acertadas basadas en la informaci\u00f3n financiera y contable veraz, oportuna y confiable.<\/p>\n<p style=\"text-align: left;\"><a href=\"\/index.php\/servicios-contables\/\">Leer m\u00e1s&#8230;<\/a><\/p>\n<p>[\/cf47rs_section_features_item][cf47rs_section_features_item label=&#8221;INMOBILIARIOS&#8221; add_icon=&#8221;true&#8221; icon_fontawesome=&#8221;fa fa-building-o&#8221;]Contamos con los mejores agentes capacitados y especializados en finca ra\u00edz.<\/p>\n<p style=\"text-align: left;\"><a href=\"\/index.php\/servicios-inmobiliarios\/\">Leer m\u00e1s&#8230;<\/a><\/p>\n<p>[\/cf47rs_section_features_item][cf47rs_section_features_item label=&#8221;SEGUROS&#8221; add_icon=&#8221;true&#8221; icon_fontawesome=&#8221;fa fa-shield&#8221;]Te orientamos en la obtenci\u00f3n del seguro ideal para tu necesidad, edad, genero, profesi\u00f3n o empresa.<\/p>\n<p><a href=\"\/index.php\/seguros\/\">Leer m\u00e1s&#8230;<\/a>[\/cf47rs_section_features_item][\/cf47rs_section_features][vc_empty_space][\/vc_column][\/vc_row][vc_row full_width=&#8221;stretch_row_content_no_spaces&#8221; el_id=&#8221;inmuebles&#8221;][vc_column css=&#8221;.vc_custom_1572026678927{padding-top: 0px !important;}&#8221;][cf47rs_section_property_group title=&#8221;Inmuebles&#8221; subtitle=&#8221;Te asesoramos en la compra, venta o alquiles de tu casa.&#8221; css=&#8221;.vc_custom_1599686628883{padding-top: 50px !important;}&#8221;][cf47rs_section_property_group_tab title=&#8221;Recientes&#8221; data_max_items=&#8221;6&#8243;][cf47rs_section_property_group_tab title=&#8221;Destacados&#8221; data_type=&#8221;featured&#8221; data_max_items=&#8221;6&#8243;][\/cf47rs_section_property_group][vc_btn title=&#8221;M\u00e1s Inmuebles &#8230;&#8221; style=&#8221;3d&#8221; shape=&#8221;square&#8221; color=&#8221;juicy-pink&#8221; align=&#8221;center&#8221; link=&#8221;url:%2Findex.php%2Finmuebles%2F|||&#8221;][vc_empty_space][\/vc_column][\/vc_row][vc_row full_width=&#8221;stretch_row_content_no_spaces&#8221; content_placement=&#8221;middle&#8221; el_class=&#8221;gosubmit__bg&#8221; css=&#8221;.vc_custom_1595904916996{background: #ffffff url(https:\/\/aboconta.com\/wp-content\/uploads\/2016\/06\/bg-gosubmit.jpg?id=350) !important;background-position: center !important;background-repeat: no-repeat !important;background-size: cover !important;}&#8221;][vc_column css=&#8221;.vc_custom_1582826387350{padding-top: 0px !important;background-position: 0 0 !important;background-repeat: no-repeat !important;}&#8221;][cf47rs_section_cta text=&#8221;JTNDZGl2JTIwY2xhc3MlM0QlMjJnb3N1Ym1pdF9fdGl0bGUlMjIlM0UlMEElMjAlMjAlMjAlMjAlM0NkaXYlMjBjbGFzcyUzRCUyMmdvc3VibWl0X190aXRsZV9fcm93JTIwZ29zdWJtaXRfX3RpdGxlX19yb3ctLWZpcnN0JTIyJTNFJTBBJTIwJTIwJTIwJTIwJTIwJTIwJTIwJTIwRGVzZWFuZG8lMEElMjAlMjAlMjAlMjAlM0MlMkZkaXYlM0UlMEElMjAlMjAlMjAlMjAlM0NkaXYlMjBjbGFzcyUzRCUyMmdvc3VibWl0X190aXRsZV9fcm93JTIwZ29zdWJtaXRfX3RpdGxlX19yb3ctLXNlY29uZCUyMiUzRSUwQSUyMCUyMCUyMCUyMCUyMCUyMCUyMCUyMCUzQ3NwYW4lMjBjbGFzcyUzRCUyMmdvc3VibWl0X190aXRsZV9fb3B0aW9uJTIyJTNFJTBBJTIwJTIwJTIwJTIwJTIwJTIwJTIwJTIwJTIwJTIwJTIwJTIwVmVuZGVyJTBBJTIwJTIwJTIwJTIwJTIwJTIwJTIwJTIwJTNDJTJGc3BhbiUzRSUwQSUyMCUyMCUyMCUyMCUyMCUyMCUyMCUyMG8lMEElMjAlMjAlMjAlMjAlMjAlMjAlMjAlMjAlM0NzcGFuJTIwY2xhc3MlM0QlMjJnb3N1Ym1pdF9fdGl0bGVfX29wdGlvbiUyMiUzRSUwQSUyMCUyMCUyMCUyMCUyMCUyMCUyMCUyMCUyMCUyMCUyMCUyMEFycmVuZGFyJTBBJTIwJTIwJTIwJTIwJTIwJTIwJTIwJTIwJTNDJTJGc3BhbiUzRSUwQSUyMCUyMCUyMCUyMCUzQyUyRmRpdiUzRSUwQSUyMCUyMCUyMCUyMCUzQ2RpdiUyMGNsYXNzJTNEJTIyZ29zdWJtaXRfX3RpdGxlX19yb3clMjBnb3N1Ym1pdF9fdGl0bGVfX3Jvdy0tdGhpcmQlMjIlM0UlMEElMjAlMjAlMjAlMjAlMjAlMjAlMjAlMjBTdSUyMElubXVlYmxlJTNGJTBBJTIwJTIwJTIwJTIwJTNDJTJGZGl2JTNFJTBBJTNDJTJGZGl2JTNFJTBBJTNDYSUyMGhyZWYlM0QlMjIlMkZpbmRleC5waHAlMkZlbnZpYXItdW4taW5tdWVibGUlMkYlMjIlMjBjbGFzcyUzRCUyMmdvc3VibWl0X19idG4lMjIlM0VDb25mJTI2aWFjdXRlJTNCZSUyMGVuJTIwTm9zb3Ryb3MlM0MlMkZhJTNF&#8221;][\/vc_column][\/vc_row][vc_row full_width=&#8221;stretch_row_content_no_spaces&#8221; disable_element=&#8221;yes&#8221;][vc_column][cf47rs_section_agents title=&#8221;Nuestro Equipo de Trabajo&#8221; subtitle=&#8221;Cada miembro de nuestro equipo se encuentra altamente capacitado para brindarle la mejor soluci\u00f3n a cada una de sus necesidades.&#8221; data_orderby=&#8221;title&#8221; data_max_items=&#8221;10&#8243;][\/vc_column][\/vc_row][vc_row full_width=&#8221;stretch_row_content_no_spaces&#8221;][vc_column][cf47rs_section_posts title=&#8221;Art\u00edculos y Noticias&#8221; data_max_items=&#8221;3&#8243;][\/vc_column][\/vc_row][vc_row full_width=&#8221;stretch_row_content_no_spaces&#8221; disable_element=&#8221;yes&#8221; css=&#8221;.vc_custom_1600138043686{background-image: url(https:\/\/aboconta.com\/wp-content\/uploads\/2016\/04\/bg-achievement.jpg?id=136) !important;background-position: center !important;background-repeat: no-repeat !important;background-size: cover !important;}&#8221;][vc_column css=&#8221;.vc_custom_1466700899805{padding-top: 0px !important;padding-bottom: 0px !important;}&#8221;][cf47rs_section_counter][cf47rs_section_counter_item count_to=&#8221;755300&#8243; label=&#8221;TRANSACCIONES&#8221; add_icon=&#8221;true&#8221; icon_type=&#8221;svg&#8221; icon_svg=&#8221;svg-icon svg-icon-transactions&#8221; counter_duration=&#8221;1&#8243;][cf47rs_section_counter_item count_to=&#8221;17620&#8243; label=&#8221;CLIENTES SATISFECHOS&#8221; add_icon=&#8221;true&#8221; icon_type=&#8221;svg&#8221; icon_svg=&#8221;svg-icon svg-icon-customers&#8221; counter_duration=&#8221;1&#8243;][cf47rs_section_counter_item count_to=&#8221;790&#8243; label=&#8221;INMUEBLES&#8221; add_icon=&#8221;true&#8221; icon_type=&#8221;svg&#8221; icon_svg=&#8221;svg-icon svg-icon-agency&#8221; counter_duration=&#8221;1&#8243;][cf47rs_section_counter_item count_to=&#8221;1528715&#8243; label=&#8221;VENTAS Y ARRIENDOS&#8221; add_icon=&#8221;true&#8221; icon_type=&#8221;svg&#8221; icon_svg=&#8221;svg-icon svg-icon-sales&#8221; counter_duration=&#8221;1&#8243;][\/cf47rs_section_counter][\/vc_column][\/vc_row][vc_row full_width=&#8221;stretch_row_content_no_spaces&#8221; css=&#8221;.vc_custom_1600188196067{background-image: url(http:\/\/aboconta.com\/wp-content\/uploads\/2020\/09\/abogados_1.jpg?id=2791) !important;background-position: center !important;background-repeat: no-repeat !important;background-size: cover !important;}&#8221;][vc_column width=&#8221;1\/3&#8243;][\/vc_column][vc_column width=&#8221;1\/2&#8243;][vc_custom_heading text=&#8221;Necesitas Asesor\u00eda Jur\u00eddica?&#8221; font_container=&#8221;tag:h1|text_align:right|color:%23ffffff&#8221; use_theme_fonts=&#8221;yes&#8221; css_animation=&#8221;bounceInUp&#8221; link=&#8221;|||&#8221;][vc_btn title=&#8221;Cont\u00e1ctanos&#8221; style=&#8221;outline&#8221; shape=&#8221;square&#8221; color=&#8221;danger&#8221; size=&#8221;lg&#8221; align=&#8221;right&#8221; i_icon_fontawesome=&#8221;&#8221; css_animation=&#8221;bounceIn&#8221; add_icon=&#8221;true&#8221; link=&#8221;url:https%3A%2F%2Faboconta.com%2Findex.php%2Fcontactenos%2F|||&#8221;][vc_empty_space height=&#8221;150px&#8221;][\/vc_column][vc_column width=&#8221;1\/6&#8243;][\/vc_column][\/vc_row][vc_row full_width=&#8221;stretch_row_content_no_spaces&#8221; disable_element=&#8221;yes&#8221;][vc_column][cf47rs_section_testimonials title=&#8221;TESTIMONIALS&#8221; subtitle=&#8221;INSIGHTS, TIPS &amp; HOW-TO GUIDES ON SELLING PROPERTY AND PREPARING YOUR HOME OR INVESTMENT PROPERTY FOR SALE&#8221; data_max_items=&#8221;5&#8243;][\/vc_column][\/vc_row][vc_row][vc_column][vc_column_text]<\/p>\n<h1 style=\"text-align: center;\"><span style=\"color: #2c3e50;\"><strong>S\u00cdGUENOS EN NUESTRAS REDES<\/strong><\/span><\/h1>\n<p>[\/vc_column_text][vc_row_inner][vc_column_inner width=&#8221;1\/3&#8243;][vc_column_text]<\/p>\n<h2 style=\"text-align: center;\"><span style=\"color: #011880;\"><strong>FACEBOOK<\/strong><\/span><\/h2>\n<p>[\/vc_column_text][vc_raw_html]JTNDaWZyYW1lJTIwc3JjJTNEJTIyaHR0cHMlM0ElMkYlMkZ3d3cuZmFjZWJvb2suY29tJTJGcGx1Z2lucyUyRnBhZ2UucGhwJTNGaHJlZiUzRGh0dHBzJTI1M0ElMjUyRiUyNTJGd3d3LmZhY2Vib29rLmNvbSUyNTJGQWJvY29udGEtU0FTLTIxMTg4MjI4ODg4MDgxNyUyNTJGJTI2dGFicyUzRHRpbWVsaW5lJTI2d2lkdGglM0QzNDAlMjZoZWlnaHQlM0Q1MDAlMjZzbWFsbF9oZWFkZXIlM0R0cnVlJTI2YWRhcHRfY29udGFpbmVyX3dpZHRoJTNEdHJ1ZSUyNmhpZGVfY292ZXIlM0R0cnVlJTI2c2hvd19mYWNlcGlsZSUzRGZhbHNlJTI2YXBwSWQlMjIlMjB3aWR0aCUzRCUyMjM0MCUyMiUyMGhlaWdodCUzRCUyMjUwMCUyMiUyMHN0eWxlJTNEJTIyYm9yZGVyJTNBbm9uZSUzQm92ZXJmbG93JTNBaGlkZGVuJTIyJTIwc2Nyb2xsaW5nJTNEJTIybm8lMjIlMjBmcmFtZWJvcmRlciUzRCUyMjAlMjIlMjBhbGxvd1RyYW5zcGFyZW5jeSUzRCUyMnRydWUlMjIlMjBhbGxvdyUzRCUyMmVuY3J5cHRlZC1tZWRpYSUyMiUzRSUzQyUyRmlmcmFtZSUzRQ==[\/vc_raw_html][\/vc_column_inner][vc_column_inner width=&#8221;1\/3&#8243;][vc_column_text]<\/p>\n<h2 style=\"text-align: center;\"><span style=\"color: #011880;\"><strong>TWITTER<\/strong><\/span><\/h2>\n<p>[\/vc_column_text][vc_raw_html]JTVCY3VzdG9tLXR3aXR0ZXItZmVlZHMlNUQ=[\/vc_raw_html][\/vc_column_inner][vc_column_inner width=&#8221;1\/3&#8243;][vc_column_text]<\/p>\n<h2 style=\"text-align: center;\"><span style=\"color: #011880;\"><strong>INSTAGRAM<\/strong><\/span><\/h2>\n<p>[\/vc_column_text][vc_raw_html]JTVCaW5zdGFncmFtLWZlZWQlMjB1c2VyJTNEJTIyYWJvY29udGFzYXMlMjIlNUQ=[\/vc_raw_html][\/vc_column_inner][\/vc_row_inner][vc_empty_space][\/vc_column][\/vc_row][vc_row css=&#8221;.vc_custom_1595904975172{background-image: url(https:\/\/aboconta.com\/wp-content\/uploads\/2019\/10\/faqs1.jpg?id=1127) !important;background-position: center !important;background-repeat: no-repeat !important;background-size: cover !important;}&#8221;][vc_column][vc_row_inner][vc_column_inner width=&#8221;1\/2&#8243; css=&#8221;.vc_custom_1572284597791{background-position: center !important;background-repeat: no-repeat !important;background-size: contain !important;}&#8221;][\/vc_column_inner][vc_column_inner width=&#8221;1\/2&#8243; css=&#8221;.vc_custom_1572281646831{padding-right: 30px !important;padding-left: 30px !important;}&#8221;][vc_column_text]<\/p>\n<h1 style=\"text-align: left;\"><span style=\"color: #011880;\"><strong>PREGUNTAS FRECUENTES<\/strong><\/span><\/h1>\n<p>[\/vc_column_text][vc_empty_space][vc_toggle title=&#8221;\u00bfCu\u00e1les son las fecha l\u00edmites de pago de mi arrendamiento?&#8221; style=&#8221;rounded_outline&#8221; css_animation=&#8221;bounceInUp&#8221; css=&#8221;.vc_custom_1572469222473{margin-bottom: 5px !important;padding-top: 10px !important;padding-right: 10px !important;padding-bottom: 10px !important;padding-left: 10px !important;background-color: rgba(0,0,0,0.1) !important;*background-color: rgb(0,0,0) !important;border-radius: 5px !important;}&#8221;]Se debe pagar m\u00e1ximo los 5 d\u00edas siguientes a la fecha de vencimiento mensual, como quedo estipulado en el contrato de arrendamiento.<\/p>\n<p>Le recordamos que con el cumplimiento de los pagos cuidara su historial crediticio y el no pago en la fechas se\u00f1aladas incurrir\u00eda en intereses de mora.[\/vc_toggle][vc_toggle title=&#8221;\u00bfC\u00f3mo obtengo el certificado para mi declaraci\u00f3n de renta?&#8221; style=&#8221;rounded_outline&#8221; css_animation=&#8221;bounceInDown&#8221; css=&#8221;.vc_custom_1572469233539{margin-bottom: 5px !important;padding-top: 10px !important;padding-right: 10px !important;padding-bottom: 10px !important;padding-left: 10px !important;background-color: rgba(0,0,0,0.1) !important;*background-color: rgb(0,0,0) !important;border-radius: 5px !important;}&#8221;]Se debe solicitar en nuestras oficinas o por correo electr\u00f3nico.[\/vc_toggle][vc_toggle title=&#8221;\u00bfQu\u00e9 es administraci\u00f3n de propiedad horizontal?&#8221; style=&#8221;rounded_outline&#8221; css_animation=&#8221;bounceInRight&#8221; css=&#8221;.vc_custom_1572469286755{margin-bottom: 5px !important;padding-top: 10px !important;padding-right: 10px !important;padding-bottom: 10px !important;padding-left: 10px !important;background-color: rgba(0,0,0,0.1) !important;*background-color: rgb(0,0,0) !important;border-radius: 5px !important;}&#8221;]La administraci\u00f3n de Propiedad Horizontal es el conjunto de actividades orientadas al cuidado, manejo de los bienes de los copropietarios que son ejercidas, en principio por la entidad sin \u00e1nimo de lucro nacida como consecuencia de la aparici\u00f3n de la propiedad com\u00fan sobre un inmueble sujeto al r\u00e9gimen de propiedad horizontal.[\/vc_toggle][vc_toggle title=&#8221;\u00bfCu\u00e1nto tiempo demora el estudio de los documentos para la aprobaci\u00f3n de mi solicitud?&#8221; style=&#8221;rounded_outline&#8221; css_animation=&#8221;bounceInRight&#8221; css=&#8221;.vc_custom_1572469300903{margin-bottom: 5px !important;padding-top: 10px !important;padding-right: 10px !important;padding-bottom: 10px !important;padding-left: 10px !important;background-color: rgba(0,0,0,0.1) !important;*background-color: rgb(0,0,0) !important;border-radius: 5px !important;}&#8221;]El tiempo m\u00e1ximo de estudio para la aprobaci\u00f3n de tu solicitud de arriendo es de 48 horas.[\/vc_toggle][vc_toggle title=&#8221;\u00bfQui\u00e9nes deben tener SOAT&#8221; style=&#8221;rounded_outline&#8221; css_animation=&#8221;bounceInRight&#8221; css=&#8221;.vc_custom_1575046583247{margin-bottom: 5px !important;padding-top: 10px !important;padding-right: 10px !important;padding-bottom: 10px !important;padding-left: 10px !important;background-color: rgba(0,0,0,0.1) !important;*background-color: rgb(0,0,0) !important;border-radius: 5px !important;}&#8221;]Todos los veh\u00edculos automotores que transiten por el territorio nacional, sean particulares o de servicio p\u00fablico, sin importar el modelo.[\/vc_toggle][vc_toggle title=&#8221;\u00bfQu\u00e9 \u00e1reas del derecho atienden?&#8221; style=&#8221;rounded_outline&#8221; css_animation=&#8221;bounceInRight&#8221; css=&#8221;.vc_custom_1575046517522{margin-bottom: 5px !important;padding-top: 10px !important;padding-right: 10px !important;padding-bottom: 10px !important;padding-left: 10px !important;background-color: rgba(0,0,0,0.1) !important;*background-color: rgb(0,0,0) !important;border-radius: 5px !important;}&#8221;]Atendemos todas las \u00e1reas del derecho, contamos con abogados especialistas en derecho laboral, derecho civil, derecho administrativo, derecho penal, derecho comercial.[\/vc_toggle][vc_empty_space height=&#8221;64px&#8221;][vc_btn title=&#8221;M\u00e1s Inquietudes &#8230;&#8221; style=&#8221;3d&#8221; shape=&#8221;square&#8221; color=&#8221;juicy-pink&#8221; css_animation=&#8221;bounceInUp&#8221; link=&#8221;url:%2Findex.php%2Fpreguntas-frecuentes%2F|title:Preguntas%20Frecuentes||&#8221;][vc_empty_space][\/vc_column_inner][\/vc_row_inner][\/vc_column][\/vc_row][vc_row full_width=&#8221;stretch_row_content_no_spaces&#8221;][vc_column][cf47rs_section_partners title=&#8221;ALIADOS&#8221; subtitle=&#8221;CONTAMOS CON ALIANZAS ESTRAT\u00c9GICAS QUE NOS PERMITEN BRINDAR M\u00c1S Y MEJORES SERVICIOS A NUESTROS CLIENTES.&#8221; data_max_items=&#8221;10&#8243; slides_to_show=&#8221;5&#8243;][\/vc_column][\/vc_row][vc_row full_width=&#8221;stretch_row_content_no_spaces&#8221; disable_element=&#8221;yes&#8221;][vc_column][vc_single_image image=&#8221;1614&#8243; img_size=&#8221;full&#8221; alignment=&#8221;center&#8221; css=&#8221;.vc_custom_1600190547541{margin-top: 0px !important;margin-bottom: 0px !important;border-bottom-width: 0px !important;padding-bottom: 0px !important;}&#8221;][\/vc_column][\/vc_row]<\/p>\n","protected":false},"excerpt":{"rendered":"<p>[vc_row full_width=&#8221;stretch_row_content_no_spaces&#8221; full_height=&#8221;yes&#8221;][vc_column][vc_single_image image=&#8221;1930&#8243; img_size=&#8221;full&#8221; alignment=&#8221;center&#8221;][\/vc_column][\/vc_row][vc_row full_width=&#8221;stretch_row_content_no_spaces&#8221; css=&#8221;.vc_custom_1678447003413{padding-top: 0px !important;background-color: #ffffff !important;}&#8221; el_id=&#8221;quienes-somos&#8221;][vc_column css=&#8221;.vc_custom_1467988153317{padding-top: 0px !important;}&#8221;][vc_empty_space height=&#8221;100px&#8221;][cf47rs_section_features title=&#8221;Qui\u00e9nes Somos&#8221; subtitle=&#8221;Somos una empresa que naci\u00f3 en la ciudad de Cartagena de Indias, el 12 de enero de 1.995, y se constituy\u00f3 con el objeto social de atender diferentes asuntos legales, contables, tributarios e inmobiliarios, trabajando siempre [&hellip;]<\/p>\n","protected":false},"author":1,"featured_media":0,"parent":0,"menu_order":0,"comment_status":"closed","ping_status":"closed","template":"page-templates\/template-vc.php","meta":{"_joinchat":[],"footnotes":""},"class_list":["post-574","page","type-page","status-publish","hentry"],"_links":{"self":[{"href":"https:\/\/aboconta.com\/index.php\/wp-json\/wp\/v2\/pages\/574","targetHints":{"allow":["GET"]}}],"collection":[{"href":"https:\/\/aboconta.com\/index.php\/wp-json\/wp\/v2\/pages"}],"about":[{"href":"https:\/\/aboconta.com\/index.php\/wp-json\/wp\/v2\/types\/page"}],"author":[{"embeddable":true,"href":"https:\/\/aboconta.com\/index.php\/wp-json\/wp\/v2\/users\/1"}],"replies":[{"embeddable":true,"href":"https:\/\/aboconta.com\/index.php\/wp-json\/wp\/v2\/comments?post=574"}],"version-history":[{"count":320,"href":"https:\/\/aboconta.com\/index.php\/wp-json\/wp\/v2\/pages\/574\/revisions"}],"predecessor-version":[{"id":8322,"href":"https:\/\/aboconta.com\/index.php\/wp-json\/wp\/v2\/pages\/574\/revisions\/8322"}],"wp:attachment":[{"href":"https:\/\/aboconta.com\/index.php\/wp-json\/wp\/v2\/media?parent=574"}],"curies":[{"name":"wp","href":"https:\/\/api.w.org\/{rel}","templated":true}]}}