{"id":3,"date":"2019-10-04T16:15:37","date_gmt":"2019-10-04T16:15:37","guid":{"rendered":"http:\/\/192.168.20.69:9797\/?page_id=3"},"modified":"2020-09-11T15:20:01","modified_gmt":"2020-09-11T20:20:01","slug":"politica-privacidad","status":"publish","type":"page","link":"https:\/\/aboconta.com\/index.php\/politica-privacidad\/","title":{"rendered":"Pol\u00edtica de Privacidad"},"content":{"rendered":"\n<h2 class=\"wp-block-heading\"><strong><span style=\"color: #011880;\">POL\u00cdTICAS DE PRIVACIDAD Y PROTECCI\u00d3N DE DATOS PERSONALES<\/span><\/strong><\/h2>\r\n<h3><strong><span style=\"color: #011880;\">INTRODUCCI\u00d3N<\/span><\/strong><\/h3>\r\n<p><strong>ABOCONTA S.A.S.<\/strong>, en su inter\u00e9s por hacer explicitas sus pol\u00edticas en materia de protecci\u00f3n de datos personales y actualizarlas de conformidad con las exigencias de la Ley Estatutaria de 1581 de 2012 y el Decreto 1377 de 2013, en los cuales se dictan disposiciones generales para la protecci\u00f3n y trato de datos personales, mediante el presente documento recoge los lineamientos que, en el marco de la Pol\u00edtica de Informaci\u00f3n que ha acogido, rigen en particular las actividades de tratamiento de los datos personales contenidos en sus archivos o bases de datos. <strong>ABOCONTA S.A.S.<\/strong>\u00a0Como tratante de datos personales obtenidos a trav\u00e9s de sus distintos canales de comercializaci\u00f3n y contacto (llamadas tel\u00e9fonicas, p\u00e1gina de internet, correos electr\u00f3nicos y dem\u00e1s), informa que los datos obtenidos ser\u00e1n utilizados en los siguientes aspectos:<\/p>\r\n<h3><strong><span style=\"color: #011880;\">POL\u00cdTICAS<\/span><\/strong><\/h3>\r\n<h4><strong><span style=\"color: #011880;\">RECOPILACI\u00d3N Y USO DE INFORMACI\u00d3N<\/span><\/strong><\/h4>\r\n<p>Se recopilar\u00e1 informaci\u00f3n personal como el nombre, direcci\u00f3n, el n\u00famero de tel\u00e9fono y\/o de celular, direcci\u00f3n de correo electr\u00f3nico, entre otros datos que pueden ser adicionados en los formatos de contrato, inscripci\u00f3n y contacto. Se informa que se puede usar la informaci\u00f3n personal para fines administrativos, promocionales, publicitarios, comerciales, de contacto y otras finalidades comerciales directa o indirectamente relacionadas con la actividad propia de la compa\u00f1\u00eda, que le generen valores agregados a los usuarios y\/o clientes.<\/p>\r\n<h4><strong><span style=\"color: #011880;\">DIVULGACI\u00d3N DE LA INFORMACI\u00d3N A TERCERAS PARTES<\/span><\/strong><\/h4>\r\n<p><strong>ABOCONTA S.A.S.<\/strong>, puede compartir informaci\u00f3n personal de sus clientes o personas interesadas en sus servicios, con terceros seg\u00fan los t\u00e9rminos que se describen a continuaci\u00f3n y conforme al objeto social de la Compa\u00f1\u00eda: Socios estrat\u00e9gicos. En el desarrollo de la actividad que la Compa\u00f1\u00eda realiza es posible que establezcamos una relaci\u00f3n especial con otras entidades, como socios estrat\u00e9gicos por medio de convenios, acuerdos y dem\u00e1s actos que redunden en beneficio de los usuarios y\/o clientes. A estos socios estrat\u00e9gicos les ser\u00e1 suministrada la informaci\u00f3n de la base de datos que corresponde a nuestros usuarios y\/o clientes que hayan accedido a nuestros servicios. As\u00ed mismo la informaci\u00f3n personal de los clientes podr\u00e1 ser utilizada para enviar informaci\u00f3n y dar a conocer nuevas disposiciones legales o comerciales referentes al sector inmobiliario, entregar reportes a las autoridades de vigilancia y control, fines administrativos, comerciales y de contacto. La informaci\u00f3n personal de identificaci\u00f3n de cualquier persona se podr\u00eda compartir sin autorizaci\u00f3n en los casos contemplados en el Art\u00edculo 10 de la Ley 1581 de 2012, los cuales se se\u00f1alan a continuaci\u00f3n: a) Informaci\u00f3n requerida por una entidad p\u00fablica o administrativa en ejercicio de sus funciones legales o por orden judicial. b) Datos de naturaleza p\u00fablica. c) Casos de urgencia m\u00e9dica o sanitaria. d) Tratamiento de informaci\u00f3n autorizado por la ley para fines hist\u00f3ricos, estad\u00edsticos o cient\u00edficos. e) Datos relacionados con el Registro Civil de las Personas.<\/p>\r\n<h4><strong><span style=\"color: #011880;\">DARSE DE BAJA<\/span><\/strong><\/h4>\r\n<p>De acuerdo con la Ley 1581 de 2012, reglamentada con el Decreto 1377 de 2013, los usuarios y\/o clientes de <strong>ABOCONTA S.A.S.<\/strong>, que est\u00e9n en nuestras bases de datos, podr\u00e1n ejercer sus derechos de conocer, actualizar, rectificar y suprimir sus datos personales dirigiendo una comunicaci\u00f3n a trav\u00e9s del correo <em><a href=\"mailto:contactenos@tucasacartagena.com\">contactenos@aboconta.com<\/a><\/em> o en nuestro formulario de contacto en nuestra p\u00e1gina web <em>www.aboconta.com<\/em>; as\u00ed mismo podr\u00e1 contactarnos telef\u00f3nicamente al n\u00famero <em>+57 (5) 6643734<\/em>.<\/p>\r\n<h4><strong><span style=\"color: #011880;\">ACTUALIZACI\u00d3N DE NUESTRA POL\u00cdTICA DE PRIVACIDAD<\/span><\/strong><\/h4>\r\n<p><strong>ABOCONTA S.A.S.<\/strong>, se reserva el derecho de realizar cambios en esta Pol\u00edtica de Privacidad en cualquier momento. Si hacemos un cambio importante en esta pol\u00edtica de Privacidad, le notificaremos publicando un aviso del cambio en nuestra p\u00e1gina web o a trav\u00e9s de correo electr\u00f3nico y\/o circular, seg\u00fan sea pertinente o requerido por la ley. Por favor revise esta Pol\u00edtica de Privacidad peri\u00f3dicamente para asegurarse de que usted est\u00e1 enterado de cualquier cambio. El uso continuado de nuestros medios de comunicaci\u00f3n despu\u00e9s de cualquier cambio o revisi\u00f3n de esta Pol\u00edtica de Privacidad significar\u00e1 su aceptaci\u00f3n y acuerdo con estos cambios y revisiones.<\/p>\r\n<h4><strong><span style=\"color: #011880;\">NORMAS APLICABLES<\/span><\/strong><\/h4>\r\n<p>La presente Pol\u00edtica de Privacidad para efectos de actividades, datos recopilados y\/o informaci\u00f3n obtenida se rige bajo la ley Colombiana 1581 de 2012, reglamentada por el Decreto 1377 de 2013, y dem\u00e1s normas que lo modifiquen, sustituyan o deroguen, que para todos los efectos ser\u00e1 la ley aplicable.<\/p>\r\n<h4><strong><span style=\"color: #011880;\">ALMACENAMIENTO DE LA INFORMACI\u00d3N<\/span><\/strong><\/h4>\r\n<p>Seg\u00fan nuestras pol\u00edticas de tratamiento de datos personales, los mecanismos a trav\u00e9s de los cuales hacemos uso de \u00e9stos son seguros y confidenciales, pues contamos con los medios tecnol\u00f3gicos id\u00f3neos para asegurar que sean almacenados de manera tal que se impida el acceso indeseado por parte de terceras personas, y en ese mismo orden aseguramos la confidencialidad de los mismos.<\/p>\r\n<h4><strong><span style=\"color: #011880;\">REMISI\u00d3N A OTROS SITIOS WEB<\/span><\/strong><\/h4>\r\n<p>Cuando la p\u00e1gina web <em>www.aboconta.com<\/em> remita a otros sitios web que no sean de dominio de <strong>ABOCONTA S.A.S.<\/strong>, este no se hace responsable por la informaci\u00f3n o el tratamiento que los responsables de estas p\u00e1ginas web hagan sobre los datos o contenidos que all\u00ed son otorgados.<\/p>\r\n<h4><strong><span style=\"color: #011880;\">UTILIZACI\u00d3N FRAUDULENTA DE NUESTRA MARCA<\/span><\/strong><\/h4>\r\n<p><strong>ABOCONTA S.A.S.<\/strong> no ser\u00e1 responsable por el tratamiento de datos obtenidos de manera fraudulenta por terceras personas que utilizan de manera abusiva nuestra marca. Para cualquier duda relacionada con la legitimidad o veracidad de alguna publicidad en nuestro nombre, usted podr\u00e1 comunicarse con los encargados del tratamiento de los datos indicados en la presente Pol\u00edtica de Privacidad y protecci\u00f3n de datos a trav\u00e9s de los medios dispuestos para este efecto por la compa\u00f1\u00eda.<\/p>\r\n<h4><strong><span style=\"color: #011880;\">LIMITACIONES TEMPORALES PARA EL TRATO DE DATOS PERSONALES<\/span><\/strong><\/h4>\r\n<p><strong>ABOCONTA S.A.S.<\/strong> Establece que el periodo para el tratamiento y uso de datos personales tendr\u00e1 la misma duraci\u00f3n que en su momento tenga el contrato de arrendamiento y\/o diez (10) a\u00f1os m\u00e1s. Una vez vencido dicho t\u00e9rmino, o una vez concluida la finalidad para la cual fueron recolectados los datos personales, <strong>ABOCONTA S.A.S.<\/strong>\u00a0proceder\u00e1 a la supresi\u00f3n de los mismos, salvo en los casos en que su preservaci\u00f3n sea requerida por mandato legal o contractual.<\/p>\r\n<h3><span style=\"color: #011880;\"><strong>PRIVACIDAD, COOKIES Y OTROS DATOS RECOLECTADOS<\/strong><\/span><\/h3>\r\n<p>Nuestro sitio web utiliza cookies que le permiten navegar de forma eficiente, recordar sus preferencias, y mejorar su experiencia en la web. Utilizamos cookies de desempe\u00f1o, estas cookies recogen informaci\u00f3n sobre su comportamiento de navegaci\u00f3n y el de otros visitantes, tales como direcci\u00f3n IP, tipo de navegador usado, nombre de dominio y p\u00e1ginas visitadas.<\/p>\r\n<p>Esta informaci\u00f3n es usada para aprender sobre el uso y eficacia de las propiedades del Sitio web con el fin de mejorar el modo en que funciona. Utilizamos una herramienta llamada google analytics para recoger informaci\u00f3n sobre el uso de Nuestro Sitio Web. Google analytics recopila informaci\u00f3n sobre el comportamiento de los usuarios que visitan el sitio web la informaci\u00f3n recopilada es utilizada \u00fanicamente para mejorar la experiencia en el sitio.<\/p>\r\n<p>La capacidad de Google para utilizar y compartir la informaci\u00f3n recopilada por Google Analytics acerca de sus visitas a este sitio est\u00e1 restringida por los t\u00e9rminos Google Analytics de uso y la pol\u00edtica de privacidad de Google. La mayor\u00eda de los navegadores est\u00e1n configurados por defecto para aceptar cookies. En la configuraci\u00f3n del navegador es posible gestionar sus preferencias de cookies del navegador para, por ejemplo, aceptar autom\u00e1ticamente cookies, o notificarle antes de recibir una cookie. Tambi\u00e9n puede administrar su aceptaci\u00f3n de las cookies de Google Analytics, en el sitio web de Google Analytics. Si utiliza nuestro sitio web y opta por no deshabilitar las cookies, usted est\u00e1 aprobando que nosotros o nuestro proveedor puede colocarlas en su dispositivo.<\/p>\n","protected":false},"excerpt":{"rendered":"<p>POL\u00cdTICAS DE PRIVACIDAD Y PROTECCI\u00d3N DE DATOS PERSONALES INTRODUCCI\u00d3N ABOCONTA S.A.S., en su inter\u00e9s por hacer explicitas sus pol\u00edticas en materia de protecci\u00f3n de datos personales y actualizarlas de conformidad con las exigencias de la Ley Estatutaria de 1581 de 2012 y el Decreto 1377 de 2013, en los cuales se dictan disposiciones generales para [&hellip;]<\/p>\n","protected":false},"author":1,"featured_media":0,"parent":0,"menu_order":0,"comment_status":"closed","ping_status":"closed","template":"","meta":{"_joinchat":[],"footnotes":""},"class_list":["post-3","page","type-page","status-publish","hentry"],"_links":{"self":[{"href":"https:\/\/aboconta.com\/index.php\/wp-json\/wp\/v2\/pages\/3","targetHints":{"allow":["GET"]}}],"collection":[{"href":"https:\/\/aboconta.com\/index.php\/wp-json\/wp\/v2\/pages"}],"about":[{"href":"https:\/\/aboconta.com\/index.php\/wp-json\/wp\/v2\/types\/page"}],"author":[{"embeddable":true,"href":"https:\/\/aboconta.com\/index.php\/wp-json\/wp\/v2\/users\/1"}],"replies":[{"embeddable":true,"href":"https:\/\/aboconta.com\/index.php\/wp-json\/wp\/v2\/comments?post=3"}],"version-history":[{"count":16,"href":"https:\/\/aboconta.com\/index.php\/wp-json\/wp\/v2\/pages\/3\/revisions"}],"predecessor-version":[{"id":2757,"href":"https:\/\/aboconta.com\/index.php\/wp-json\/wp\/v2\/pages\/3\/revisions\/2757"}],"wp:attachment":[{"href":"https:\/\/aboconta.com\/index.php\/wp-json\/wp\/v2\/media?parent=3"}],"curies":[{"name":"wp","href":"https:\/\/api.w.org\/{rel}","templated":true}]}}