{"id":1468,"date":"2020-01-01T14:28:30","date_gmt":"2020-01-01T19:28:30","guid":{"rendered":"http:\/\/192.168.20.69:9797\/?page_id=1468"},"modified":"2020-03-04T11:49:21","modified_gmt":"2020-03-04T16:49:21","slug":"seguros","status":"publish","type":"page","link":"https:\/\/aboconta.com\/index.php\/seguros\/","title":{"rendered":"Seguros"},"content":{"rendered":"<p>[vc_row css=\u201d.vc_custom_1577906585283{background-color: #ffffff !important;}\u201d][vc_column][vc_column_text]Somos asesores de seguros, nosotros te orientamos en la obtenci\u00f3n del seguro ideal para tu necesidad, edad, genero, profesi\u00f3n \u00f3 empresa.[\/vc_column_text][vc_row_inner][vc_column_inner width=\u201d1\/3\u2033][vc_icon icon_fontawesome=\u201dfa fa-heartbeat\u201d color=\u201dcustom\u201d background_style=\u201drounded-outline\u201d size=\u201dlg\u201d css_animation=\u201dbounceInDown\u201d custom_color=\u201d#fe0000\u2033][vc_custom_heading text=\u201dVida\u201d font_container=\u201dtag:h2|text_align:left|color:%23011880\u2033 use_theme_fonts=\u201dyes\u201d css_animation=\u201dbounceInLeft\u201d][vc_column_text css_animation=\u201dfadeIn\u201d]Para garantizar calidad y bienestar en caso de un momento dif\u00edcil, tenemos seguro de Vida, Accidentes Personales, Accidentes Escolares.[\/vc_column_text][\/vc_column_inner][vc_column_inner width=\u201d1\/3\u2033][vc_icon icon_fontawesome=\u201dfa fa-car\u201d color=\u201dcustom\u201d background_style=\u201drounded-outline\u201d size=\u201dlg\u201d css_animation=\u201dbounceInDown\u201d custom_color=\u201d#fe0000\u2033][vc_custom_heading text=\u201dAutom\u00f3viles\u201d font_container=\u201dtag:h2|text_align:left|color:%23011880\u2033 use_theme_fonts=\u201dyes\u201d css_animation=\u201dbounceInDown\u201d][vc_column_text css_animation=\u201dfadeIn\u201d]Para proteger tu auto y a terceros que se vean afectados a causa de un accidente, tenemos todo riesgo que cubre el veh\u00edculo y a terceros y el disfruta tranquilo que solo cubre a terceros.[\/vc_column_text][\/vc_column_inner][vc_column_inner width=\u201d1\/3\u2033][vc_icon icon_fontawesome=\u201dfa fa-handshake-o\u201d color=\u201dcustom\u201d background_style=\u201drounded-outline\u201d size=\u201dlg\u201d css_animation=\u201dbounceInDown\u201d custom_color=\u201d#fe0000\u2033][vc_custom_heading text=\u201dDe Cumplimiento\u201d font_container=\u201dtag:h2|text_align:left|color:%23011880\u2033 use_theme_fonts=\u201dyes\u201d css_animation=\u201dbounceInRight\u201d][vc_column_text css_animation=\u201dfadeIn\u201d]Para el asegurado por los perjuicios derivados del incumplimiento de un contrato.[\/vc_column_text][\/vc_column_inner][\/vc_row_inner][vc_row_inner][vc_column_inner width=\u201d1\/3\u2033][vc_icon icon_fontawesome=\u201dfa fa-home\u201d color=\u201dcustom\u201d background_style=\u201drounded-outline\u201d size=\u201dlg\u201d css_animation=\u201dbounceInUp\u201d link=\u201d|||\u201d custom_color=\u201d#fe0000\u2033][vc_custom_heading text=\u201dArrendamiento\u201d font_container=\u201dtag:h2|text_align:left|color:%23011880\u2033 use_theme_fonts=\u201dyes\u201d css_animation=\u201dbounceInLeft\u201d][vc_column_text css_animation=\u201dfadeIn\u201d]Para que no corras riesgos innecesarios, este seguro cubre los c\u00e1nones de tus arrendatarios, el pago de la administraci\u00f3n, el pago de los servicios p\u00fablicos domiciliarios dejados de pagar por parte del arrendatario y los honorarios de abogado para recuperar el inmueble.[\/vc_column_text][\/vc_column_inner][vc_column_inner width=\u201d1\/3\u2033][vc_icon icon_fontawesome=\u201dfa fa-gavel\u201d color=\u201dcustom\u201d background_style=\u201drounded-outline\u201d size=\u201dlg\u201d css_animation=\u201dbounceInUp\u201d custom_color=\u201d#fe0000\u2033][vc_custom_heading text=\u201dJudiciales\u201d font_container=\u201dtag:h2|text_align:left|color:%23011880\u2033 use_theme_fonts=\u201dyes\u201d css_animation=\u201dbounceInUp\u201d][vc_column_text css_animation=\u201dfadeIn\u201d]Los cuales garantizan el cumplimiento de las obligaciones contenidas en una disposici\u00f3n legal, relacionadas con actividades de las cuales el Estado tiene el control o defina su obligatoriedad y que sean solicitadas a determinadas empresas para el cumplimiento de la Ley.[\/vc_column_text][\/vc_column_inner][vc_column_inner width=\u201d1\/3\u2033][vc_icon icon_fontawesome=\u201dfa fa-umbrella\u201d color=\u201dcustom\u201d background_style=\u201drounded-outline\u201d size=\u201dlg\u201d css_animation=\u201dbounceInUp\u201d custom_color=\u201d#fe0000\u2033][vc_custom_heading text=\u201dDa\u00f1os\u201d font_container=\u201dtag:h2|text_align:left|color:%23011880\u2033 use_theme_fonts=\u201dyes\u201d css_animation=\u201dbounceInRight\u201d][vc_column_text css_animation=\u201dfadeIn\u201d]Te permite proteger tu empresa, tu conjunto residencial, tu Hogar.[\/vc_column_text][\/vc_column_inner][\/vc_row_inner][vc_separator color=\u201dchino\u201d style=\u201dshadow\u201d border_width=\u201d5\u2033 css_animation=\u201dbounceInUp\u201d][vc_column_text]<\/p>\n<h1 style=\"text-align: center;\"><strong>SERVICIOS<\/strong><\/h1>\n<p>[\/vc_column_text][vc_row_inner][vc_column_inner width=\u201d1\/3\u2033][vc_icon icon_fontawesome=\u201dfa fa-gavel\u201d color=\u201dchino\u201d align=\u201dcenter\u201d css_animation=\u201drotateIn\u201d link=\u201durl:%2Findex.php%2Fservicios-juridicos%2F|title:Servicios%20Jur%C3%ADdicos||\u201d][vc_custom_heading text=\u201dJur\u00eddicos\u201d font_container=\u201dtag:h3|text_align:center|color:%23011880\u2033 use_theme_fonts=\u201dyes\u201d css_animation=\u201dfadeInLeft\u201d link=\u201durl:%20%2Findex.php%2Fservicios-juridicos%2F|||\u201d][\/vc_column_inner][vc_column_inner width=\u201d1\/3\u2033][vc_icon icon_fontawesome=\u201dfa fa-line-chart\u201d color=\u201dchino\u201d size=\u201dlg\u201d align=\u201dcenter\u201d css_animation=\u201drotateIn\u201d link=\u201durl:%2Findex.php%2Fservicios-contables%2F|title:Servicios%20Contables||\u201d][vc_custom_heading text=\u201dContables\u201d font_container=\u201dtag:h3|text_align:center|color:%23011880\u2033 use_theme_fonts=\u201dyes\u201d css_animation=\u201dfadeInUp\u201d link=\u201durl:%20%2Findex.php%2Fservicios-contables%2F|||\u201d][\/vc_column_inner][vc_column_inner width=\u201d1\/3\u2033][vc_icon icon_fontawesome=\u201dfa fa-building-o\u201d color=\u201dchino\u201d align=\u201dcenter\u201d css_animation=\u201drotateIn\u201d link=\u201durl:%2Findex.php%2Fservicios-inmobiliarios%2F|title:Servicios%20Inmobiliarios||\u201d][vc_custom_heading text=\u201dInmobiliarios\u201d font_container=\u201dtag:h3|text_align:center|color:%23011880\u2033 use_theme_fonts=\u201dyes\u201d css_animation=\u201dfadeInRight\u201d link=\u201durl:%20%2Findex.php%2Fservicios-inmobiliarios%2F|||\u201d][\/vc_column_inner][\/vc_row_inner][\/vc_column][\/vc_row][vc_row][vc_column][cf47rs_section_agents title=\u201dNuestro Equipo de Trabajo\u201d data_type=\u201dspecific\u201d data_include=\u201d1708\u2033][\/vc_column][\/vc_row]<\/p>\n","protected":false},"excerpt":{"rendered":"<p>[vc_row css=\u201d.vc_custom_1577906585283{background-color: #ffffff !important;}\u201d][vc_column][vc_column_text]Somos asesores de seguros, nosotros te orientamos en la obtenci\u00f3n del seguro ideal para tu necesidad, edad, genero, profesi\u00f3n \u00f3 empresa.[\/vc_column_text][vc_row_inner][vc_column_inner width=\u201d1\/3\u2033][vc_icon icon_fontawesome=\u201dfa fa-heartbeat\u201d color=\u201dcustom\u201d background_style=\u201drounded-outline\u201d size=\u201dlg\u201d css_animation=\u201dbounceInDown\u201d custom_color=\u201d#fe0000\u2033][vc_custom_heading text=\u201dVida\u201d font_container=\u201dtag:h2|text_align:left|color:%23011880\u2033 use_theme_fonts=\u201dyes\u201d css_animation=\u201dbounceInLeft\u201d][vc_column_text css_animation=\u201dfadeIn\u201d]Para garantizar calidad y bienestar en caso de un momento dif\u00edcil, tenemos seguro de Vida, Accidentes Personales, Accidentes Escolares.[\/vc_column_text][\/vc_column_inner][vc_column_inner [&hellip;]<\/p>\n","protected":false},"author":1,"featured_media":0,"parent":0,"menu_order":0,"comment_status":"closed","ping_status":"closed","template":"","meta":{"_joinchat":[],"footnotes":""},"class_list":["post-1468","page","type-page","status-publish","hentry"],"_links":{"self":[{"href":"https:\/\/aboconta.com\/index.php\/wp-json\/wp\/v2\/pages\/1468","targetHints":{"allow":["GET"]}}],"collection":[{"href":"https:\/\/aboconta.com\/index.php\/wp-json\/wp\/v2\/pages"}],"about":[{"href":"https:\/\/aboconta.com\/index.php\/wp-json\/wp\/v2\/types\/page"}],"author":[{"embeddable":true,"href":"https:\/\/aboconta.com\/index.php\/wp-json\/wp\/v2\/users\/1"}],"replies":[{"embeddable":true,"href":"https:\/\/aboconta.com\/index.php\/wp-json\/wp\/v2\/comments?post=1468"}],"version-history":[{"count":56,"href":"https:\/\/aboconta.com\/index.php\/wp-json\/wp\/v2\/pages\/1468\/revisions"}],"predecessor-version":[{"id":2059,"href":"https:\/\/aboconta.com\/index.php\/wp-json\/wp\/v2\/pages\/1468\/revisions\/2059"}],"wp:attachment":[{"href":"https:\/\/aboconta.com\/index.php\/wp-json\/wp\/v2\/media?parent=1468"}],"curies":[{"name":"wp","href":"https:\/\/api.w.org\/{rel}","templated":true}]}}