{"id":1446,"date":"2019-12-31T15:53:05","date_gmt":"2019-12-31T20:53:05","guid":{"rendered":"http:\/\/192.168.20.69:9797\/?page_id=1446"},"modified":"2021-02-11T10:28:42","modified_gmt":"2021-02-11T15:28:42","slug":"servicios-juridicos","status":"publish","type":"page","link":"https:\/\/aboconta.com\/index.php\/servicios-juridicos\/","title":{"rendered":"Servicios Jur\u00eddicos"},"content":{"rendered":"<p>[vc_row css=&#8221;.vc_custom_1577825529274{background-color: #ffffff !important;}&#8221;][vc_column][vc_row_inner][vc_column_inner width=&#8221;1\/2&#8243;][vc_icon icon_fontawesome=&#8221;fa fa-balance-scale&#8221; color=&#8221;custom&#8221; background_style=&#8221;rounded-outline&#8221; size=&#8221;lg&#8221; css_animation=&#8221;bounceInDown&#8221; custom_color=&#8221;#fe0000&#8243;][vc_custom_heading text=&#8221;Asesor\u00eda en Derecho Penal&#8221; font_container=&#8221;tag:h3|text_align:left|color:%23011880&#8243; use_theme_fonts=&#8221;yes&#8221; css_animation=&#8221;bounceInLeft&#8221;][vc_column_text css_animation=&#8221;fadeIn&#8221;]Asesoramos en los delitos contemplados por la ley que tienen una pena o medida de seguridad asociada. Brindamos en esta rama del derecho los siguientes servicios:<\/p>\n<ul>\n<li>Asistencia Integral.<\/li>\n<li>Estudio De Casos.<\/li>\n<li>Acompa\u00f1amiento en Audiencias.<\/li>\n<li>Preparaci\u00f3n De Testigos.<\/li>\n<li>Preparaci\u00f3n De Interrogatorios.<\/li>\n<li>Recolecci\u00f3n De Evidencia.<\/li>\n<li>Asesor\u00edas a no Especialistas.<\/li>\n<li>Asistencia A Diligencias De Captura.<\/li>\n<li>Capacitaci\u00f3n Legal En Derecho Procesal Penal.<\/li>\n<\/ul>\n<p>[\/vc_column_text][\/vc_column_inner][vc_column_inner width=&#8221;1\/2&#8243;][vc_icon icon_fontawesome=&#8221;fa fa-blind&#8221; color=&#8221;custom&#8221; background_style=&#8221;rounded-outline&#8221; size=&#8221;lg&#8221; css_animation=&#8221;bounceInDown&#8221; custom_color=&#8221;#fe0000&#8243;][vc_custom_heading text=&#8221;Asesor\u00eda en Pensiones&#8221; font_container=&#8221;tag:h3|text_align:left|color:%23011880&#8243; use_theme_fonts=&#8221;yes&#8221; css_animation=&#8221;bounceInRight&#8221;][vc_column_text css_animation=&#8221;fadeIn&#8221;]Se brinda una asesor\u00eda completa sobre los tipos de r\u00e9gimen que existen actualmente en Colombia con el fin de que usted pueda tomar la decisi\u00f3n de cual se ajusta mejor a sus necesidades.<\/p>\n<ul>\n<li>Liquidaci\u00f3n de Indice de Base de liquidaciones.<\/li>\n<li>Traslado de r\u00e9gimen pensional.<\/li>\n<li>Anulaci\u00f3n de traslado &#8211; Ineficiencia de Afiliaci\u00f3n<\/li>\n<\/ul>\n<p>[\/vc_column_text][\/vc_column_inner][\/vc_row_inner][vc_row_inner][vc_column_inner width=&#8221;1\/2&#8243;][vc_icon icon_fontawesome=&#8221;fa fa-industry&#8221; color=&#8221;custom&#8221; background_style=&#8221;rounded-outline&#8221; size=&#8221;lg&#8221; css_animation=&#8221;bounceInUp&#8221; custom_color=&#8221;#fe0000&#8243;][vc_custom_heading text=&#8221;Asesor\u00eda en Derecho Empresarial, Comercial y Societario&#8221; font_container=&#8221;tag:h3|text_align:left|color:%23011880&#8243; use_theme_fonts=&#8221;yes&#8221; css_animation=&#8221;bounceInLeft&#8221;][vc_column_text css_animation=&#8221;fadeIn&#8221;]En ABOCONTA sabemos lo importante que es tener una empresa con buenas estructuras, en este \u00e1rea brindamos orientaci\u00f3n en:<\/p>\n<ul>\n<li>Creaci\u00f3n y liquidaci\u00f3n de Sociedades.<\/li>\n<li>Elaboraci\u00f3n y modificaci\u00f3n de estatutos.<\/li>\n<li>Asesor\u00eda y representaci\u00f3n en conflictos, demandas, conciliaciones o negociaciones mercantiles.<\/li>\n<li>Asesor\u00eda en Insolvencia, Actuaci\u00f3n como Promotores y Liquidadores.<\/li>\n<li>Asesor\u00eda a Juntas Directivas de Empresas.<\/li>\n<li>Asesor\u00eda a Asambleas de Accionista.<\/li>\n<li>Asesor\u00eda a los Administradores.<\/li>\n<li>Proceso de remoci\u00f3n de Administradores (Acciones sociales de Responsabilidad).<\/li>\n<li>Asesor\u00eda en actos, operaciones y empresas mercantiles.<\/li>\n<li>Asesor\u00eda, revisi\u00f3n y elaboraci\u00f3n de contratos comerciales o mercantiles.<\/li>\n<li>Recuperaci\u00f3n de Cartera: Pre-jur\u00eddica y Jur\u00eddica.<\/li>\n<li>Consultor\u00eda en Gobierno Corporativo.<\/li>\n<\/ul>\n<p>[\/vc_column_text][\/vc_column_inner][vc_column_inner width=&#8221;1\/2&#8243;][vc_icon icon_fontawesome=&#8221;fa fa-tree&#8221; color=&#8221;custom&#8221; background_style=&#8221;rounded-outline&#8221; size=&#8221;lg&#8221; css_animation=&#8221;bounceInUp&#8221; custom_color=&#8221;#fe0000&#8243;][vc_custom_heading text=&#8221;Asesor\u00eda en Derecho Ambiental&#8221; font_container=&#8221;tag:h3|text_align:left|color:%23011880&#8243; use_theme_fonts=&#8221;yes&#8221; css_animation=&#8221;bounceInRight&#8221;][vc_column_text css_animation=&#8221;fadeIn&#8221;]La normativa jur\u00eddica que regula la relaci\u00f3n con el medio Ambiente es cada vez mas amplia, en ABOCONTA S.A.S. lo guiamos en el cumplimiento de esta, alguno de los servicios a brinda son los siguientes:<\/p>\n<ul>\n<li>Consultor\u00edas sobre Medio Ambiente.<\/li>\n<li>Estudios de Impacto Ambiental.<\/li>\n<li>Planes de Manejo Ambiental.<\/li>\n<li>Acompa\u00f1amientos en Procesos Sancionatorios.<\/li>\n<li>Gesti\u00f3n de Permisos (Pesca Comercial Artesanal, Pesca Comercial Industrial, Pesca Comercial Exploratoria, Pesca Comercial Ornamental, Pesca de Investigaci\u00f3n, Permisos de Procesamiento, Permiso de Comercializaci\u00f3n, Permiso Integrado de Pesca, Permiso de Cultivo).<\/li>\n<li>Patentes de Pesca y de Embarcaciones Pesqueras.<\/li>\n<li>Solicitud de Concesiones.<\/li>\n<li>Capacitaci\u00f3n en temas Medioambientales.<\/li>\n<li>Asesor\u00edas en Manejo, Limpieza y Explotaci\u00f3n de Cuerpos de Agua.<\/li>\n<\/ul>\n<p>[\/vc_column_text][\/vc_column_inner][\/vc_row_inner][vc_separator color=&#8221;chino&#8221; style=&#8221;shadow&#8221; border_width=&#8221;5&#8243; css_animation=&#8221;bounceInUp&#8221;][vc_column_text]<\/p>\n<h1 style=\"text-align: center;\"><strong>SERVICIOS<\/strong><\/h1>\n<p>[\/vc_column_text][vc_row_inner][vc_column_inner width=&#8221;1\/3&#8243;][vc_icon icon_fontawesome=&#8221;fa fa-line-chart&#8221; color=&#8221;chino&#8221; align=&#8221;center&#8221; css_animation=&#8221;rotateIn&#8221; link=&#8221;url:%2Findex.php%2Fservicios-contables%2F|title:Servicios%20Contables||&#8221;][vc_custom_heading text=&#8221;Contables&#8221; font_container=&#8221;tag:h3|text_align:center|color:%23011880&#8243; use_theme_fonts=&#8221;yes&#8221; css_animation=&#8221;fadeInLeft&#8221; link=&#8221;url:%2Findex.php%2Fservicios-contables%2F|||&#8221;][\/vc_column_inner][vc_column_inner width=&#8221;1\/3&#8243;][vc_icon icon_fontawesome=&#8221;fa fa-building-o&#8221; color=&#8221;chino&#8221; align=&#8221;center&#8221; css_animation=&#8221;rotateIn&#8221; link=&#8221;url:%2Findex.php%2Fservicios-inmobiliarios%2F|title:Servicios%20Inmobiliarios||&#8221;][vc_custom_heading text=&#8221;Inmobiliarios&#8221; font_container=&#8221;tag:h3|text_align:center|color:%23011880&#8243; use_theme_fonts=&#8221;yes&#8221; css_animation=&#8221;fadeInUp&#8221; link=&#8221;url:%2Findex.php%2Fservicios-inmobiliarios%2F|||&#8221;][\/vc_column_inner][vc_column_inner width=&#8221;1\/3&#8243;][vc_icon icon_fontawesome=&#8221;fa fa-shield&#8221; color=&#8221;chino&#8221; align=&#8221;center&#8221; css_animation=&#8221;rotateIn&#8221; link=&#8221;url:%2Findex.php%2Fseguro%2F|title:Seguros||&#8221;][vc_custom_heading text=&#8221;Seguros&#8221; font_container=&#8221;tag:h3|text_align:center|color:%23011880&#8243; use_theme_fonts=&#8221;yes&#8221; css_animation=&#8221;fadeInRight&#8221; link=&#8221;url:%2Findex.php%2Fseguros%2F|||&#8221;][\/vc_column_inner][\/vc_row_inner][\/vc_column][\/vc_row][vc_row][vc_column][cf47rs_section_agents title=&#8221;Nuestro Equipo de Trabajo&#8221; data_type=&#8221;specific&#8221; data_include=&#8221;1690, 1713, 1692, 1768, 1687, 2911&#8243;][\/vc_column][\/vc_row]<\/p>\n","protected":false},"excerpt":{"rendered":"<p>[vc_row css=&#8221;.vc_custom_1577825529274{background-color: #ffffff !important;}&#8221;][vc_column][vc_row_inner][vc_column_inner width=&#8221;1\/2&#8243;][vc_icon icon_fontawesome=&#8221;fa fa-balance-scale&#8221; color=&#8221;custom&#8221; background_style=&#8221;rounded-outline&#8221; size=&#8221;lg&#8221; css_animation=&#8221;bounceInDown&#8221; custom_color=&#8221;#fe0000&#8243;][vc_custom_heading text=&#8221;Asesor\u00eda en Derecho Penal&#8221; font_container=&#8221;tag:h3|text_align:left|color:%23011880&#8243; use_theme_fonts=&#8221;yes&#8221; css_animation=&#8221;bounceInLeft&#8221;][vc_column_text css_animation=&#8221;fadeIn&#8221;]Asesoramos en los delitos contemplados por la ley que tienen una pena o medida de seguridad asociada. Brindamos en esta rama del derecho los siguientes servicios: Asistencia Integral. Estudio De Casos. Acompa\u00f1amiento en Audiencias. Preparaci\u00f3n De [&hellip;]<\/p>\n","protected":false},"author":1,"featured_media":0,"parent":0,"menu_order":0,"comment_status":"closed","ping_status":"closed","template":"","meta":{"_joinchat":[],"footnotes":""},"class_list":["post-1446","page","type-page","status-publish","hentry"],"_links":{"self":[{"href":"https:\/\/aboconta.com\/index.php\/wp-json\/wp\/v2\/pages\/1446","targetHints":{"allow":["GET"]}}],"collection":[{"href":"https:\/\/aboconta.com\/index.php\/wp-json\/wp\/v2\/pages"}],"about":[{"href":"https:\/\/aboconta.com\/index.php\/wp-json\/wp\/v2\/types\/page"}],"author":[{"embeddable":true,"href":"https:\/\/aboconta.com\/index.php\/wp-json\/wp\/v2\/users\/1"}],"replies":[{"embeddable":true,"href":"https:\/\/aboconta.com\/index.php\/wp-json\/wp\/v2\/comments?post=1446"}],"version-history":[{"count":27,"href":"https:\/\/aboconta.com\/index.php\/wp-json\/wp\/v2\/pages\/1446\/revisions"}],"predecessor-version":[{"id":2915,"href":"https:\/\/aboconta.com\/index.php\/wp-json\/wp\/v2\/pages\/1446\/revisions\/2915"}],"wp:attachment":[{"href":"https:\/\/aboconta.com\/index.php\/wp-json\/wp\/v2\/media?parent=1446"}],"curies":[{"name":"wp","href":"https:\/\/api.w.org\/{rel}","templated":true}]}}