{"id":1171,"date":"2019-10-29T22:13:18","date_gmt":"2019-10-30T03:13:18","guid":{"rendered":"http:\/\/192.168.20.69:9797\/?page_id=1171"},"modified":"2020-09-11T15:21:54","modified_gmt":"2020-09-11T20:21:54","slug":"terminos-y-condiciones","status":"publish","type":"page","link":"https:\/\/aboconta.com\/index.php\/terminos-y-condiciones\/","title":{"rendered":"T\u00e9rminos y Condiciones"},"content":{"rendered":"<h2><span style=\"color: #011880;\"><strong>T\u00c9RMINOS Y CONDICIONES<\/strong><\/span><\/h2>\n<p>Este sitio web (en adelante <em>www.aboconta.com<\/em> o Sitio Web) lo suministra <strong>ABOCONTA S.A.S.<\/strong>&nbsp;con sede en la carrera 69 # 31-139, Barrio Santa Luc\u00eda, Centro Comercial Ronda Real 2\u00b0 Piso Local 233, Cartagena, Colombia. Estas condiciones de servicio son de aplicaci\u00f3n para nuestro sitio web, as\u00ed como a nuestros Sitio Web M\u00f3vil. Le rogamos que lea estos t\u00e9rminos y condiciones de servicio detenidamente, ya que contienen informaci\u00f3n importante relacionada o sus derechos y obligaciones jur\u00eddicas, adem\u00e1s rigen la utilizaci\u00f3n de este sitio e incluyen varias limitaciones y exclusiones y obligaciones de cumplimiento de la normativa aplicable.<\/p>\n<h3><span style=\"color: #011880;\"><strong><span class=\"red\">CONDICIONES DE SERVICIO Y MODIFICACI\u00d3N DE LA POL\u00cdTICA<\/span><\/strong><\/span><\/h3>\n<p>La utilizaci\u00f3n del Sitio web o los servicios por parte del usuario implica la aceptaci\u00f3n plena y sin reservas de todas y cada una de las condiciones expuestas en este texto y acepta a quedar legalmente obligado por ellas. Estas condiciones rigen su acceso y uso del sitio web. Le solicitamos que lea nuestra pol\u00edtica de privacidad publicada en el sitio web.<br \/>\nSi no acepta estos T\u00e9rminos, no tendr\u00e1 derecho a obtener informaci\u00f3n del Sitio Web, o los Servicios ni a seguir utiliz\u00e1ndolos. La utilizaci\u00f3n del Sitio Web, o los Servicios sin observar estos T\u00e9rminos podr\u00e1 conllevar la imposici\u00f3n de sanciones civiles y penales.<br \/>\nNos reservamos el derecho de actualizar o modificar estos t\u00e9rminos y condiciones en el momento que nosotros consideremos adecuado y sin previo aviso, el uso continuado del Sitio Web tras una modificaci\u00f3n o actualizaci\u00f3n se considerara como su aceptaci\u00f3n a tales cambios. Por esto es responsabilidad suya revisar los t\u00e9rminos y condiciones de manera continua.<\/p>\n<h3><span style=\"color: #011880;\"><strong><span class=\"red\">T\u00c9RMINOS CLAVE<\/span><\/strong><\/span><\/h3>\n<p><strong>ABOCONTA S.A.S.<\/strong> ofrece una plataforma por internet en la cual se ofrecen inmuebles que est\u00e1n disponibles para la venta y\/o arriendo y dem\u00e1s actividades relacionadas a los servicios de bienes ra\u00edces (en adelante, conjuntamente, los \u201cServicios\u201d). Tales servicios se pueden consultar en www.tucasacartagena.com y otros sitios web a trav\u00e9s de los cuales <strong>ABOCONTA S.A.S.<\/strong>&nbsp;ofrezca los servicios (En adelante, conjuntamente, \u201cSitio Web\u201d).<\/p>\n<p>\u201c<em>Anuncio<\/em>\u201d Hace referencia a los inmuebles publicados en venta y\/o arriendo en el sitio web.<\/p>\n<p>\u201c<em>Usuario<\/em>\u201d Hace referencia a cada una de las personas que ingresan al sitio web.<\/p>\n<p>\u201c<em>Cliente<\/em>\u201d Hace referencia a los usuarios que ingresan al sitio web y tienen actualmente una relaci\u00f3n comercial con <strong>ABOCONTA S.A.S.<\/strong>.<\/p>\n<p>\u201c<em>Comunicaci\u00f3n<\/em>\u201d hace referencia a cualquier correo electr\u00f3nico, llamada telef\u00f3nica y mensaje de texto (SMS).<\/p>\n<p>&#8220;<em>Contenidos<\/em>&#8221; hace referencia a textos, gr\u00e1ficos, im\u00e1genes, m\u00fasica, software, audio, v\u00eddeo, informaci\u00f3n, logotipos, fotograf\u00edas, ilustraciones u otros materiales mostrados o transmitidos a trav\u00e9s de, por o en conexi\u00f3n con los servicios.<\/p>\n<h3><span style=\"color: #011880;\"><strong><span class=\"red\">PROPIEDAD INTELECTUAL<\/span><\/strong><\/span><\/h3>\n<p><strong>ABOCONTA S.A.S.<\/strong> es titular de los derechos de propiedad intelectual, industrial y de imagen de los Servicios, el Sitio Web y contenido de los mismos (incluyendo, sin limitaci\u00f3n, el dise\u00f1o del sitio, gr\u00e1ficos, textos, c\u00f3digos fuente, im\u00e1genes relacionados con el Sitio Web y Servicios), los usuarios pueden acceder y revisar la informaci\u00f3n que requieran de los contenidos publicados en el Sitio Web y podr\u00e1 copiarla en su computador, dem\u00e1s dispositivos m\u00f3viles o imprimirla para uso netamente personal.<br \/>\n<strong>ABOCONTA S.A.S.<\/strong> proh\u00edbe bajo cualquier circunstancia y expresamente el reproducir, copiar, reutilizar, explotar, transmitir o distribuir los Contenidos publicados en el Sitio web para prop\u00f3sitos p\u00fablicos o comerciales sin el consentimiento previo por escrito de <strong>ABOCONTA S.A.S.<\/strong>, el incumplimiento de lo anterior se considera una infracci\u00f3n de propiedad intelectual y ser\u00e1 sancionado como lo disponga la ley Colombiana.<\/p>\n<h3><span style=\"color: #011880;\"><strong><span class=\"red\">ENLACES A SITIOS WEB DE TERCEROS<\/span><\/strong><\/span><\/h3>\n<p>El Sitio Web o los Servicios pueden incluir enlaces a sitios web de terceros que son controlados y mantenidos por estos mismos. Al acceder cualquiera de estos enlaces usted reconoce y acepta que no somos responsables por el contenido ni disponibilidad de dichos sitios. Ni estos T\u00e9rminos y Condiciones ni nuestra Pol\u00edtica de Privacidad rigen el uso de su informaci\u00f3n por parte de los sitios web de terceros.<\/p>\n<h3><span style=\"color: #011880;\"><strong><span class=\"red\">LIMITACI\u00d3N DE RESPONSABILIDADES<\/span><\/strong><\/span><\/h3>\n<p>Es responsabilidad de cada uno de los clientes adquirir asesor\u00eda legal para comunicarse con los vendedores o sus asesores legales para discutir acerca de la propiedad objeto de transacci\u00f3n para verificar la veracidad de la informaci\u00f3n que ha sido proporcionada por los propietarios o encargados de la promoci\u00f3n del inmueble. <strong>ABOCONTA S.A.S.<\/strong>&nbsp;no es responsable por la calidad de las propiedades publicadas en el Sitio Web, tampoco es responsable por los defectos, estado jur\u00eddico o vicios que las propiedades vendidas a trav\u00e9s de este puedan tener ocultos.<br \/>\nLa informaci\u00f3n publicada en los anuncios es informaci\u00f3n proporcionada a <strong>ABOCONTA S.A.S.<\/strong>&nbsp;por propietarios o las personas (naturales o jur\u00eddicas) encargadas de la venta de la propiedad, es por esta raz\u00f3n que no podemos asegurar la exactitud de la informaci\u00f3n publicada en los anuncios.<br \/>\n<strong>ABOCONTA S.A.S.<\/strong> se limita a ser un intermediario para la venta o arriendo de propiedad ra\u00edz. La informaci\u00f3n publicada en los anuncios del Sitio Web no constituye una oferta oficial o un documento contractual, esta informaci\u00f3n es publicada con fines exclusivamente informativos.<br \/>\nLos Usuarios y\/o Clientes entienden y aceptan <strong>ABOCONTA S.A.S.<\/strong> no se hace responsable por p\u00e9rdidas o da\u00f1os causados por fallas en el sistema, servidores e internet, tambi\u00e9n entienden y aceptan que <strong>ABOCONTA S.A.S.<\/strong>&nbsp;no es responsable de virus o Hackeos que pudieran afectar los dispositivos a trav\u00e9s de los cuales ingresaron al Sitio Web.<br \/>\n<strong>ABOCONTA S.A.S.<\/strong> no se hace responsable de la calidad del Internet, el Usuario y\/o Cliente entiende que Internet no es siempre un medio estable y que por consiguiente es com\u00fan que se produzcan errores, interrupciones del servicio o atrasos en cualquier momento, es por esto que <strong>ABOCONTA S.A.S.<\/strong>&nbsp;no acepta ninguna responsabilidad sobre el funcionamiento del Sitio Web y los Usuarios y\/o Clientes no podr\u00e1n exigir ning\u00fan tipo de indemnizaciones por fallas o dificultades al momento de acceder al Sitio Web.<\/p>\n<h3><span style=\"color: #011880;\"><strong><span class=\"red\">VALIDEZ<\/span><\/strong><\/span><\/h3>\n<p>En caso de que alguna de las partes de este texto no sea exigible, nula o ilegal o por alg\u00fan motivo fuese dif\u00edcil su aplicaci\u00f3n no afectara la exigibilidad del resto del texto y seguir\u00e1 teniendo la misma validez.<\/p>\n<h3><span style=\"color: #011880;\"><strong><span class=\"red\">CONTACTO<\/span><\/strong><\/span><\/h3>\n<p>Usted puede enviar cualquier comentario o queja sobre el Sitio Web, consultas sobre otros asuntos legales y jur\u00eddicos o pregunta relacionada a la protecci\u00f3n de sus datos personales al correo contactenos@aboconta.com o h\u00e1galo mediante correo f\u00edsico en la direcci\u00f3n la carrera 69 # 31-139, Barrio Santa Luc\u00eda, Centro Comercial Ronda Real 2\u00b0 Piso Local 233, Cartagena, Colombia.<\/p>\n","protected":false},"excerpt":{"rendered":"<p>T\u00c9RMINOS Y CONDICIONES Este sitio web (en adelante www.aboconta.com o Sitio Web) lo suministra ABOCONTA S.A.S.&nbsp;con sede en la carrera 69 # 31-139, Barrio Santa Luc\u00eda, Centro Comercial Ronda Real 2\u00b0 Piso Local 233, Cartagena, Colombia. Estas condiciones de servicio son de aplicaci\u00f3n para nuestro sitio web, as\u00ed como a nuestros Sitio Web M\u00f3vil. Le [&hellip;]<\/p>\n","protected":false},"author":1,"featured_media":0,"parent":0,"menu_order":0,"comment_status":"closed","ping_status":"closed","template":"","meta":{"_joinchat":[],"footnotes":""},"class_list":["post-1171","page","type-page","status-publish","hentry"],"_links":{"self":[{"href":"https:\/\/aboconta.com\/index.php\/wp-json\/wp\/v2\/pages\/1171","targetHints":{"allow":["GET"]}}],"collection":[{"href":"https:\/\/aboconta.com\/index.php\/wp-json\/wp\/v2\/pages"}],"about":[{"href":"https:\/\/aboconta.com\/index.php\/wp-json\/wp\/v2\/types\/page"}],"author":[{"embeddable":true,"href":"https:\/\/aboconta.com\/index.php\/wp-json\/wp\/v2\/users\/1"}],"replies":[{"embeddable":true,"href":"https:\/\/aboconta.com\/index.php\/wp-json\/wp\/v2\/comments?post=1171"}],"version-history":[{"count":9,"href":"https:\/\/aboconta.com\/index.php\/wp-json\/wp\/v2\/pages\/1171\/revisions"}],"predecessor-version":[{"id":2759,"href":"https:\/\/aboconta.com\/index.php\/wp-json\/wp\/v2\/pages\/1171\/revisions\/2759"}],"wp:attachment":[{"href":"https:\/\/aboconta.com\/index.php\/wp-json\/wp\/v2\/media?parent=1171"}],"curies":[{"name":"wp","href":"https:\/\/api.w.org\/{rel}","templated":true}]}}